{"id":23,"date":"2022-12-19T02:29:04","date_gmt":"2022-12-19T02:29:04","guid":{"rendered":"https:\/\/gaviaspreview.com\/wp\/modins\/?page_id=23"},"modified":"2025-10-27T01:59:26","modified_gmt":"2025-10-27T01:59:26","slug":"about","status":"publish","type":"page","link":"https:\/\/ruleturs.mk\/tr\/about\/","title":{"rendered":"Hakk\u0131m\u0131zda"},"content":{"rendered":"<div data-elementor-type=\"wp-page\" data-elementor-id=\"23\" class=\"elementor elementor-23\" data-elementor-post-type=\"page\">\n\t\t\t\t\t\t<section class=\"elementor-section elementor-top-section elementor-element elementor-element-ee503c8 elementor-section-boxed elementor-section-height-default elementor-section-height-default\" data-id=\"ee503c8\" data-element_type=\"section\" data-e-type=\"section\" data-settings=\"{&quot;background_background&quot;:&quot;slideshow&quot;,&quot;background_slideshow_gallery&quot;:[{&quot;id&quot;:371,&quot;url&quot;:&quot;https:\\\/\\\/ruleturs.mk\\\/wp-content\\\/uploads\\\/2025\\\/03\\\/4F2A0011-scaled.jpeg&quot;},{&quot;id&quot;:494,&quot;url&quot;:&quot;https:\\\/\\\/ruleturs.mk\\\/wp-content\\\/uploads\\\/2025\\\/03\\\/s1.jpg&quot;}],&quot;background_slideshow_ken_burns&quot;:&quot;yes&quot;,&quot;background_slideshow_loop&quot;:&quot;yes&quot;,&quot;background_slideshow_slide_duration&quot;:5000,&quot;background_slideshow_slide_transition&quot;:&quot;fade&quot;,&quot;background_slideshow_transition_duration&quot;:500,&quot;background_slideshow_ken_burns_zoom_direction&quot;:&quot;in&quot;}\">\n\t\t\t\t\t\t<div class=\"elementor-container elementor-column-gap-default\">\n\t\t\t\t\t<div class=\"elementor-column elementor-col-100 elementor-top-column elementor-element elementor-element-8028c45\" data-id=\"8028c45\" data-element_type=\"column\" data-e-type=\"column\">\n\t\t\t<div class=\"elementor-widget-wrap elementor-element-populated\">\n\t\t\t\t\t\t<div class=\"elementor-element elementor-element-44fce45 elementor-widget elementor-widget-gva-heading-block\" data-id=\"44fce45\" data-element_type=\"widget\" data-e-type=\"widget\" data-widget_type=\"gva-heading-block.default\">\n\t\t\t\t<div class=\"elementor-widget-container\">\n\t\t\t\t\t<div class=\"gva-element-gva-heading-block gva-element\">   <div class=\"align-left style-1 widget gsc-heading box-align-left auto-responsive\">\r\n      <div class=\"content-inner\">\r\n         \r\n                  \r\n           \r\n         \r\n                     <h2 class=\"title\">\r\n               <span>Hakk\u0131m\u0131zda<\/span>\r\n            <\/h2>\r\n                  \r\n                     <div class=\"title-desc\">MAKEDONYA'NIN 1 NUMARALI OTOB\u00dcS TA\u015eIYICISI\n\n<\/div>\r\n         \r\n         \r\n      <\/div>\r\n   <\/div>\r\n<\/div>\t\t\t\t<\/div>\n\t\t\t\t<\/div>\n\t\t\t\t\t<\/div>\n\t\t<\/div>\n\t\t\t\t\t<\/div>\n\t\t<\/section>\n\t\t\t\t<section class=\"elementor-section elementor-top-section elementor-element elementor-element-f278454 elementor-section-boxed elementor-section-height-default elementor-section-height-default\" data-id=\"f278454\" data-element_type=\"section\" data-e-type=\"section\">\n\t\t\t\t\t\t<div class=\"elementor-container elementor-column-gap-default\">\n\t\t\t\t\t<div class=\"elementor-column elementor-col-50 elementor-top-column elementor-element elementor-element-7fba472\" data-id=\"7fba472\" data-element_type=\"column\" data-e-type=\"column\">\n\t\t\t<div class=\"elementor-widget-wrap elementor-element-populated\">\n\t\t\t\t\t\t<div class=\"elementor-element elementor-element-5b85a85 elementor-widget elementor-widget-image\" data-id=\"5b85a85\" data-element_type=\"widget\" data-e-type=\"widget\" data-widget_type=\"image.default\">\n\t\t\t\t<div class=\"elementor-widget-container\">\n\t\t\t\t\t\t\t\t\t\t\t\t\t\t\t<img fetchpriority=\"high\" decoding=\"async\" width=\"900\" height=\"674\" src=\"https:\/\/ruleturs.mk\/wp-content\/uploads\/2025\/03\/aboutUs-1-1024x767.png\" class=\"attachment-large size-large wp-image-726\" alt=\"\" srcset=\"https:\/\/ruleturs.mk\/wp-content\/uploads\/2025\/03\/aboutUs-1-1024x767.png 1024w, https:\/\/ruleturs.mk\/wp-content\/uploads\/2025\/03\/aboutUs-1-768x575.png 768w, https:\/\/ruleturs.mk\/wp-content\/uploads\/2025\/03\/aboutUs-1-600x449.png 600w, https:\/\/ruleturs.mk\/wp-content\/uploads\/2025\/03\/aboutUs-1.png 1700w\" sizes=\"(max-width: 900px) 100vw, 900px\" \/>\t\t\t\t\t\t\t\t\t\t\t\t\t\t\t<\/div>\n\t\t\t\t<\/div>\n\t\t\t\t\t<\/div>\n\t\t<\/div>\n\t\t\t\t<div class=\"elementor-column elementor-col-50 elementor-top-column elementor-element elementor-element-01c3651\" data-id=\"01c3651\" data-element_type=\"column\" data-e-type=\"column\">\n\t\t\t<div class=\"elementor-widget-wrap elementor-element-populated\">\n\t\t\t\t\t\t<div class=\"elementor-element elementor-element-35cee78 elementor-widget elementor-widget-gva-heading-block\" data-id=\"35cee78\" data-element_type=\"widget\" data-e-type=\"widget\" data-settings=\"{&quot;_animation&quot;:&quot;none&quot;}\" data-widget_type=\"gva-heading-block.default\">\n\t\t\t\t<div class=\"elementor-widget-container\">\n\t\t\t\t\t<div class=\"gva-element-gva-heading-block gva-element\">   <div class=\"align-left style-1 widget gsc-heading box-align-left auto-responsive\">\r\n      <div class=\"content-inner\">\r\n         \r\n                  \r\n         <div class=\"sub-title\"><span class=\"tagline\">Hakk\u0131m\u0131zda<\/span><\/div>  \r\n         \r\n                  \r\n                     <div class=\"title-desc\">Rule Tours, uluslararas\u0131 trafikte \u00f6zel yolcu ta\u015f\u0131mac\u0131l\u0131\u011f\u0131n\u0131n \u00f6nc\u00fclerinden ve kurucular\u0131ndan olan kurucusu OMERAG\u0130\u0106 RU\u017dDI taraf\u0131ndan 1992 y\u0131l\u0131nda kurulmu\u015ftur.<br><br>\n\n90'l\u0131 y\u0131llar\u0131n ba\u015f\u0131nda, geli\u015ftirme fikri ve vizyonu, 0 \u00f6zel bir \u015firkette tek bir otob\u00fcsle s\u0131k\u0131 ve \u00f6zverili bir \u00e7al\u0131\u015fmayla ba\u015flayan \u00e7al\u0131\u015fma \u015fekli, bug\u00fcnk\u00fc Rule Tours ile sonu\u00e7land\u0131..<\/div>\r\n         \r\n         \r\n      <\/div>\r\n   <\/div>\r\n<\/div>\t\t\t\t<\/div>\n\t\t\t\t<\/div>\n\t\t\t\t\t<\/div>\n\t\t<\/div>\n\t\t\t\t\t<\/div>\n\t\t<\/section>\n\t\t\t\t<section class=\"elementor-section elementor-top-section elementor-element elementor-element-c84114d elementor-section-boxed elementor-section-height-default elementor-section-height-default\" data-id=\"c84114d\" data-element_type=\"section\" data-e-type=\"section\">\n\t\t\t\t\t\t<div class=\"elementor-container elementor-column-gap-default\">\n\t\t\t\t\t<div class=\"elementor-column elementor-col-50 elementor-top-column elementor-element elementor-element-9c317e6\" data-id=\"9c317e6\" data-element_type=\"column\" data-e-type=\"column\">\n\t\t\t<div class=\"elementor-widget-wrap elementor-element-populated\">\n\t\t\t\t\t\t<div class=\"elementor-element elementor-element-3b7a366 elementor-widget elementor-widget-gva-heading-block\" data-id=\"3b7a366\" data-element_type=\"widget\" data-e-type=\"widget\" data-settings=\"{&quot;_animation&quot;:&quot;none&quot;}\" data-widget_type=\"gva-heading-block.default\">\n\t\t\t\t<div class=\"elementor-widget-container\">\n\t\t\t\t\t<div class=\"gva-element-gva-heading-block gva-element\">   <div class=\"align-left style-1 widget gsc-heading box-align-left auto-responsive\">\r\n      <div class=\"content-inner\">\r\n         \r\n                  \r\n         <div class=\"sub-title\"><span class=\"tagline\">Hakk\u0131m\u0131zda<\/span><\/div>  \r\n         \r\n                  \r\n                     <div class=\"title-desc\">Rule Tours, 2005 y\u0131l\u0131ndan beri \u00dcsk\u00fcp Otogar\u0131n\u0131n imtiyaz sahibidir. \u015eirket ayn\u0131 zamanda Kumanova'da toplam 130 profesyonel personel \u00e7al\u0131\u015ft\u0131ran Jug Tourist otogar\u0131n\u0131n da sahibidir. 1999'da Rule Tours, AGRICCOLA operasyonunun (B\u00fcy\u00fck Britanya Birle\u015fik Krall\u0131\u011f\u0131'ndan NATO kuvvetlerinin birli\u011fi ve Kanada ordusunun birli\u011fi) bir par\u00e7as\u0131 olarak NATO kuvvetlerinin nakliye b\u00f6l\u00fcm\u00fcnde ba\u015far\u0131yla g\u00f6rev yapt\u0131. Bug\u00fcn Makedonya Cumhuriyeti'nden Karada\u011f ve Yunanistan'a d\u00fczenli otob\u00fcs hatlar\u0131 ile uluslararas\u0131 ta\u015f\u0131mac\u0131l\u0131k ger\u00e7ekle\u015ftiriyoruz. Ayr\u0131ca cumhuriyetin \u015fehirleraras\u0131 yolcu ta\u015f\u0131mac\u0131l\u0131\u011f\u0131nda Makedonya Cumhuriyeti topraklar\u0131ndaki bir\u00e7ok belediyeye yani \u00dcsk\u00fcp'ten Kumanova, Kalkandelen. Firmam\u0131z\u0131n Setra ve Mercedes olmak \u00fczere 40 adet son derece turistik otob\u00fcs\u00fc bulunmaktad\u0131r.<\/div>\r\n         \r\n         \r\n      <\/div>\r\n   <\/div>\r\n<\/div>\t\t\t\t<\/div>\n\t\t\t\t<\/div>\n\t\t\t\t\t<\/div>\n\t\t<\/div>\n\t\t\t\t<div class=\"elementor-column elementor-col-50 elementor-top-column elementor-element elementor-element-3b34d50\" data-id=\"3b34d50\" data-element_type=\"column\" data-e-type=\"column\">\n\t\t\t<div class=\"elementor-widget-wrap elementor-element-populated\">\n\t\t\t\t\t\t<div class=\"elementor-element elementor-element-9172acc elementor-widget elementor-widget-image\" data-id=\"9172acc\" data-element_type=\"widget\" data-e-type=\"widget\" data-widget_type=\"image.default\">\n\t\t\t\t<div class=\"elementor-widget-container\">\n\t\t\t\t\t\t\t\t\t\t\t\t\t\t\t<img decoding=\"async\" width=\"1400\" height=\"1050\" src=\"https:\/\/ruleturs.mk\/wp-content\/uploads\/2025\/03\/bus-rent.png\" class=\"attachment-full size-full wp-image-710\" alt=\"\" srcset=\"https:\/\/ruleturs.mk\/wp-content\/uploads\/2025\/03\/bus-rent.png 1400w, https:\/\/ruleturs.mk\/wp-content\/uploads\/2025\/03\/bus-rent-1024x768.png 1024w, https:\/\/ruleturs.mk\/wp-content\/uploads\/2025\/03\/bus-rent-768x576.png 768w, https:\/\/ruleturs.mk\/wp-content\/uploads\/2025\/03\/bus-rent-600x450.png 600w\" sizes=\"(max-width: 1400px) 100vw, 1400px\" \/>\t\t\t\t\t\t\t\t\t\t\t\t\t\t\t<\/div>\n\t\t\t\t<\/div>\n\t\t\t\t\t<\/div>\n\t\t<\/div>\n\t\t\t\t\t<\/div>\n\t\t<\/section>\n\t\t\t\t<\/div>","protected":false},"excerpt":{"rendered":"<p>About Us No.1 BUS CARRIER IN MACEDONIA About company Rule Tours (Rule Turs) was founded in 1992, by the founder OMERAGI\u0106 RUZHDI, who is one of the pioneers and founders of the private transport of passengers in international traffic. In the beginning of the 90s, his idea and vision for development, the way of working [&hellip;]<\/p>","protected":false},"author":1,"featured_media":0,"parent":0,"menu_order":0,"comment_status":"closed","ping_status":"closed","template":"","meta":{"footnotes":""},"class_list":["post-23","page","type-page","status-publish","hentry"],"_links":{"self":[{"href":"https:\/\/ruleturs.mk\/tr\/wp-json\/wp\/v2\/pages\/23","targetHints":{"allow":["GET"]}}],"collection":[{"href":"https:\/\/ruleturs.mk\/tr\/wp-json\/wp\/v2\/pages"}],"about":[{"href":"https:\/\/ruleturs.mk\/tr\/wp-json\/wp\/v2\/types\/page"}],"author":[{"embeddable":true,"href":"https:\/\/ruleturs.mk\/tr\/wp-json\/wp\/v2\/users\/1"}],"replies":[{"embeddable":true,"href":"https:\/\/ruleturs.mk\/tr\/wp-json\/wp\/v2\/comments?post=23"}],"version-history":[{"count":3,"href":"https:\/\/ruleturs.mk\/tr\/wp-json\/wp\/v2\/pages\/23\/revisions"}],"predecessor-version":[{"id":2121,"href":"https:\/\/ruleturs.mk\/tr\/wp-json\/wp\/v2\/pages\/23\/revisions\/2121"}],"wp:attachment":[{"href":"https:\/\/ruleturs.mk\/tr\/wp-json\/wp\/v2\/media?parent=23"}],"curies":[{"name":"wp","href":"https:\/\/api.w.org\/{rel}","templated":true}]}}