{"id":23,"date":"2022-12-19T02:29:04","date_gmt":"2022-12-19T02:29:04","guid":{"rendered":"https:\/\/gaviaspreview.com\/wp\/modins\/?page_id=23"},"modified":"2025-10-27T01:59:26","modified_gmt":"2025-10-27T01:59:26","slug":"about","status":"publish","type":"page","link":"https:\/\/ruleturs.mk\/al\/about\/","title":{"rendered":"P\u00ebr ne"},"content":{"rendered":"<div data-elementor-type=\"wp-page\" data-elementor-id=\"23\" class=\"elementor elementor-23\" data-elementor-post-type=\"page\">\n\t\t\t\t\t\t<section class=\"elementor-section elementor-top-section elementor-element elementor-element-ee503c8 elementor-section-boxed elementor-section-height-default elementor-section-height-default\" data-id=\"ee503c8\" data-element_type=\"section\" data-e-type=\"section\" data-settings=\"{&quot;background_background&quot;:&quot;slideshow&quot;,&quot;background_slideshow_gallery&quot;:[{&quot;id&quot;:371,&quot;url&quot;:&quot;https:\\\/\\\/ruleturs.mk\\\/wp-content\\\/uploads\\\/2025\\\/03\\\/4F2A0011-scaled.jpeg&quot;},{&quot;id&quot;:494,&quot;url&quot;:&quot;https:\\\/\\\/ruleturs.mk\\\/wp-content\\\/uploads\\\/2025\\\/03\\\/s1.jpg&quot;}],&quot;background_slideshow_ken_burns&quot;:&quot;yes&quot;,&quot;background_slideshow_loop&quot;:&quot;yes&quot;,&quot;background_slideshow_slide_duration&quot;:5000,&quot;background_slideshow_slide_transition&quot;:&quot;fade&quot;,&quot;background_slideshow_transition_duration&quot;:500,&quot;background_slideshow_ken_burns_zoom_direction&quot;:&quot;in&quot;}\">\n\t\t\t\t\t\t<div class=\"elementor-container elementor-column-gap-default\">\n\t\t\t\t\t<div class=\"elementor-column elementor-col-100 elementor-top-column elementor-element elementor-element-8028c45\" data-id=\"8028c45\" data-element_type=\"column\" data-e-type=\"column\">\n\t\t\t<div class=\"elementor-widget-wrap elementor-element-populated\">\n\t\t\t\t\t\t<div class=\"elementor-element elementor-element-44fce45 elementor-widget elementor-widget-gva-heading-block\" data-id=\"44fce45\" data-element_type=\"widget\" data-e-type=\"widget\" data-widget_type=\"gva-heading-block.default\">\n\t\t\t\t<div class=\"elementor-widget-container\">\n\t\t\t\t\t<div class=\"gva-element-gva-heading-block gva-element\">   <div class=\"align-left style-1 widget gsc-heading box-align-left auto-responsive\">\r\n      <div class=\"content-inner\">\r\n         \r\n                  \r\n           \r\n         \r\n                     <h2 class=\"title\">\r\n               <span>P\u00ebr ne<\/span>\r\n            <\/h2>\r\n                  \r\n                     <div class=\"title-desc\">TRANSPORTI NR. 1 I AUTOBUS\u00cbVE N\u00cb MAQEDONI\n\n<\/div>\r\n         \r\n         \r\n      <\/div>\r\n   <\/div>\r\n<\/div>\t\t\t\t<\/div>\n\t\t\t\t<\/div>\n\t\t\t\t\t<\/div>\n\t\t<\/div>\n\t\t\t\t\t<\/div>\n\t\t<\/section>\n\t\t\t\t<section class=\"elementor-section elementor-top-section elementor-element elementor-element-f278454 elementor-section-boxed elementor-section-height-default elementor-section-height-default\" data-id=\"f278454\" data-element_type=\"section\" data-e-type=\"section\">\n\t\t\t\t\t\t<div class=\"elementor-container elementor-column-gap-default\">\n\t\t\t\t\t<div class=\"elementor-column elementor-col-50 elementor-top-column elementor-element elementor-element-7fba472\" data-id=\"7fba472\" data-element_type=\"column\" data-e-type=\"column\">\n\t\t\t<div class=\"elementor-widget-wrap elementor-element-populated\">\n\t\t\t\t\t\t<div class=\"elementor-element elementor-element-5b85a85 elementor-widget elementor-widget-image\" data-id=\"5b85a85\" data-element_type=\"widget\" data-e-type=\"widget\" data-widget_type=\"image.default\">\n\t\t\t\t<div class=\"elementor-widget-container\">\n\t\t\t\t\t\t\t\t\t\t\t\t\t\t\t<img fetchpriority=\"high\" decoding=\"async\" width=\"900\" height=\"674\" src=\"https:\/\/ruleturs.mk\/wp-content\/uploads\/2025\/03\/aboutUs-1-1024x767.png\" class=\"attachment-large size-large wp-image-726\" alt=\"\" srcset=\"https:\/\/ruleturs.mk\/wp-content\/uploads\/2025\/03\/aboutUs-1-1024x767.png 1024w, https:\/\/ruleturs.mk\/wp-content\/uploads\/2025\/03\/aboutUs-1-768x575.png 768w, https:\/\/ruleturs.mk\/wp-content\/uploads\/2025\/03\/aboutUs-1-600x449.png 600w, https:\/\/ruleturs.mk\/wp-content\/uploads\/2025\/03\/aboutUs-1.png 1700w\" sizes=\"(max-width: 900px) 100vw, 900px\" \/>\t\t\t\t\t\t\t\t\t\t\t\t\t\t\t<\/div>\n\t\t\t\t<\/div>\n\t\t\t\t\t<\/div>\n\t\t<\/div>\n\t\t\t\t<div class=\"elementor-column elementor-col-50 elementor-top-column elementor-element elementor-element-01c3651\" data-id=\"01c3651\" data-element_type=\"column\" data-e-type=\"column\">\n\t\t\t<div class=\"elementor-widget-wrap elementor-element-populated\">\n\t\t\t\t\t\t<div class=\"elementor-element elementor-element-35cee78 elementor-widget elementor-widget-gva-heading-block\" data-id=\"35cee78\" data-element_type=\"widget\" data-e-type=\"widget\" data-settings=\"{&quot;_animation&quot;:&quot;none&quot;}\" data-widget_type=\"gva-heading-block.default\">\n\t\t\t\t<div class=\"elementor-widget-container\">\n\t\t\t\t\t<div class=\"gva-element-gva-heading-block gva-element\">   <div class=\"align-left style-1 widget gsc-heading box-align-left auto-responsive\">\r\n      <div class=\"content-inner\">\r\n         \r\n                  \r\n         <div class=\"sub-title\"><span class=\"tagline\">About company<\/span><\/div>  \r\n         \r\n                  \r\n                     <div class=\"title-desc\">Rule Turs u themelua n\u00eb vitin 1992, nga themeluesi OMERAGIQ RUZHDI, i cili \u00ebsht\u00eb nj\u00eb nga pionier\u00ebt dhe themeluesit e transportit privat t\u00eb udh\u00ebtar\u00ebve n\u00eb trafikun nd\u00ebrkomb\u00ebtar<br><br>\n\nN\u00eb fillim t\u00eb viteve 90, ideja dhe vizioni i tij p\u00ebr zhvillim, m\u00ebnyra e pun\u00ebs s\u00eb nj\u00eb kompanie 100% private q\u00eb nisi me nj\u00eb autobus me pun\u00eb t\u00eb palodhur dhe t\u00eb p\u00ebrkushtuar rezultoi n\u00eb at\u00eb q\u00eb sot quhet Rule Turs..<\/div>\r\n         \r\n         \r\n      <\/div>\r\n   <\/div>\r\n<\/div>\t\t\t\t<\/div>\n\t\t\t\t<\/div>\n\t\t\t\t\t<\/div>\n\t\t<\/div>\n\t\t\t\t\t<\/div>\n\t\t<\/section>\n\t\t\t\t<section class=\"elementor-section elementor-top-section elementor-element elementor-element-c84114d elementor-section-boxed elementor-section-height-default elementor-section-height-default\" data-id=\"c84114d\" data-element_type=\"section\" data-e-type=\"section\">\n\t\t\t\t\t\t<div class=\"elementor-container elementor-column-gap-default\">\n\t\t\t\t\t<div class=\"elementor-column elementor-col-50 elementor-top-column elementor-element elementor-element-9c317e6\" data-id=\"9c317e6\" data-element_type=\"column\" data-e-type=\"column\">\n\t\t\t<div class=\"elementor-widget-wrap elementor-element-populated\">\n\t\t\t\t\t\t<div class=\"elementor-element elementor-element-3b7a366 elementor-widget elementor-widget-gva-heading-block\" data-id=\"3b7a366\" data-element_type=\"widget\" data-e-type=\"widget\" data-settings=\"{&quot;_animation&quot;:&quot;none&quot;}\" data-widget_type=\"gva-heading-block.default\">\n\t\t\t\t<div class=\"elementor-widget-container\">\n\t\t\t\t\t<div class=\"gva-element-gva-heading-block gva-element\">   <div class=\"align-left style-1 widget gsc-heading box-align-left auto-responsive\">\r\n      <div class=\"content-inner\">\r\n         \r\n                  \r\n         <div class=\"sub-title\"><span class=\"tagline\">About company<\/span><\/div>  \r\n         \r\n                  \r\n                     <div class=\"title-desc\">Rule Tours \u00ebsht\u00eb koncesionar i Stacionit t\u00eb Autobus\u00ebve n\u00eb Shkup q\u00eb nga viti 2005. Kompania posedon edhe stacionin e autobus\u00ebve Jug Tourist n\u00eb Kumanov\u00eb, i cili pun\u00ebson gjithsej 130 staf profesional. N\u00eb vitin 1999, Rule Tours sh\u00ebrbeu me sukses n\u00eb pjes\u00ebn e transportit t\u00eb forcave t\u00eb NATO-s si pjes\u00eb e operacionit AGRICCOLA (kontigjenti i forcave t\u00eb NATO-s nga Mbret\u00ebria e Bashkuar e Britanis\u00eb s\u00eb Madhe dhe kontingjentit t\u00eb ushtris\u00eb s\u00eb Kanadas\u00eb). Sot kryejm\u00eb transport nd\u00ebrkomb\u00ebtar n\u00eb linja t\u00eb rregullta autobus\u00ebsh nga Republika e Maqedonis\u00eb p\u00ebr n\u00eb Mal t\u00eb Zi dhe Greqi. Gjithashtu, n\u00eb transportin nd\u00ebrqytet\u00ebs t\u00eb udh\u00ebtar\u00ebve t\u00eb Republik\u00ebs, sh\u00ebrbejm\u00eb dhe drejtojm\u00eb linja p\u00ebr disa komuna n\u00eb territorin e Republik\u00ebs s\u00eb Maqedonis\u00eb, p\u00ebrkat\u00ebsisht nga Shkupi p\u00ebr n\u00eb Kumanov\u00eb, Tetov\u00eb. Kompania jon\u00eb zot\u00ebron 40 autobus\u00eb t\u00eb lart\u00eb turistik\u00eb t\u00eb markave t\u00eb m\u00ebposhtme: Setra dhe Mercedes.<\/div>\r\n         \r\n         \r\n      <\/div>\r\n   <\/div>\r\n<\/div>\t\t\t\t<\/div>\n\t\t\t\t<\/div>\n\t\t\t\t\t<\/div>\n\t\t<\/div>\n\t\t\t\t<div class=\"elementor-column elementor-col-50 elementor-top-column elementor-element elementor-element-3b34d50\" data-id=\"3b34d50\" data-element_type=\"column\" data-e-type=\"column\">\n\t\t\t<div class=\"elementor-widget-wrap elementor-element-populated\">\n\t\t\t\t\t\t<div class=\"elementor-element elementor-element-9172acc elementor-widget elementor-widget-image\" data-id=\"9172acc\" data-element_type=\"widget\" data-e-type=\"widget\" data-widget_type=\"image.default\">\n\t\t\t\t<div class=\"elementor-widget-container\">\n\t\t\t\t\t\t\t\t\t\t\t\t\t\t\t<img decoding=\"async\" width=\"1400\" height=\"1050\" src=\"https:\/\/ruleturs.mk\/wp-content\/uploads\/2025\/03\/bus-rent.png\" class=\"attachment-full size-full wp-image-710\" alt=\"\" srcset=\"https:\/\/ruleturs.mk\/wp-content\/uploads\/2025\/03\/bus-rent.png 1400w, https:\/\/ruleturs.mk\/wp-content\/uploads\/2025\/03\/bus-rent-1024x768.png 1024w, https:\/\/ruleturs.mk\/wp-content\/uploads\/2025\/03\/bus-rent-768x576.png 768w, https:\/\/ruleturs.mk\/wp-content\/uploads\/2025\/03\/bus-rent-600x450.png 600w\" sizes=\"(max-width: 1400px) 100vw, 1400px\" \/>\t\t\t\t\t\t\t\t\t\t\t\t\t\t\t<\/div>\n\t\t\t\t<\/div>\n\t\t\t\t\t<\/div>\n\t\t<\/div>\n\t\t\t\t\t<\/div>\n\t\t<\/section>\n\t\t\t\t<\/div>","protected":false},"excerpt":{"rendered":"<p>About Us No.1 BUS CARRIER IN MACEDONIA About company Rule Tours (Rule Turs) was founded in 1992, by the founder OMERAGI\u0106 RUZHDI, who is one of the pioneers and founders of the private transport of passengers in international traffic. In the beginning of the 90s, his idea and vision for development, the way of working [&hellip;]<\/p>","protected":false},"author":1,"featured_media":0,"parent":0,"menu_order":0,"comment_status":"closed","ping_status":"closed","template":"","meta":{"footnotes":""},"class_list":["post-23","page","type-page","status-publish","hentry"],"_links":{"self":[{"href":"https:\/\/ruleturs.mk\/al\/wp-json\/wp\/v2\/pages\/23","targetHints":{"allow":["GET"]}}],"collection":[{"href":"https:\/\/ruleturs.mk\/al\/wp-json\/wp\/v2\/pages"}],"about":[{"href":"https:\/\/ruleturs.mk\/al\/wp-json\/wp\/v2\/types\/page"}],"author":[{"embeddable":true,"href":"https:\/\/ruleturs.mk\/al\/wp-json\/wp\/v2\/users\/1"}],"replies":[{"embeddable":true,"href":"https:\/\/ruleturs.mk\/al\/wp-json\/wp\/v2\/comments?post=23"}],"version-history":[{"count":3,"href":"https:\/\/ruleturs.mk\/al\/wp-json\/wp\/v2\/pages\/23\/revisions"}],"predecessor-version":[{"id":2121,"href":"https:\/\/ruleturs.mk\/al\/wp-json\/wp\/v2\/pages\/23\/revisions\/2121"}],"wp:attachment":[{"href":"https:\/\/ruleturs.mk\/al\/wp-json\/wp\/v2\/media?parent=23"}],"curies":[{"name":"wp","href":"https:\/\/api.w.org\/{rel}","templated":true}]}}